{"id":328,"date":"2020-10-25T19:54:26","date_gmt":"2020-10-25T19:54:26","guid":{"rendered":"http:\/\/modfaktor.com\/azuolynas\/?page_id=328"},"modified":"2025-05-06T19:08:24","modified_gmt":"2025-05-06T19:08:24","slug":"328-2","status":"publish","type":"page","link":"https:\/\/hotelazuolynas.lt\/","title":{"rendered":""},"content":{"rendered":"<div ciass=\"ts\">\n<p class=\"has-text-align-center\">\n\n\n\n<p class=\"justify has-normal-font-size\">Poilsio namai \u201e\u0104\u017euolynas\u201c \u012fsik\u016br\u0119 Juodkrant\u0117je, Kur\u0161i\u0173 Nerijoje, kuri kaip poilsiui tinkama vieta gars\u0117ja nuo 1840 met\u0173. Poilsis, nakvyn\u0117, apartamentai, kavin\u0117, baras, restoranas, terasa, banketin\u0117, baseinas, pirtis sauna ir garin\u0117, konferencij\u0173 sal\u0117, biliardas, dvira\u010diai ir kt. Juodkrant\u0117je, Neringoje ko gero geriausia vieta \u201e\u0104\u017euolynas\u201c! Lauko baseinas \u201e\u0104\u017euolynas\u201c gyventojams (vasaros sezono metu nemokamas). Ne sezono metu b\u016btina i\u0161ankstin\u0117 rezervacija. Apgyvendinimo paslaugoms turite u\u017epildyti kambario rezervacij\u0105 ir j\u016bs\u0173 nurodytais kontaktais bus i\u0161si\u0173stas pasi\u016blymas. <\/p>\n\n\n\n<p><div class=\"forminator-ui forminator-custom-form forminator-custom-form-252 forminator-design--default  forminator_ajax\" data-forminator-render=\"0\" data-form=\"forminator-module-252\" data-uid=\"69f4973793fa6\"><br\/><\/div><form\n\t\t\t\tid=\"forminator-module-252\"\n\t\t\t\tclass=\"forminator-ui forminator-custom-form forminator-custom-form-252 forminator-design--default  forminator_ajax\"\n\t\t\t\tmethod=\"post\"\n\t\t\t\tdata-forminator-render=\"0\"\n\t\t\t\tdata-form-id=\"252\"\n\t\t\t\t data-color-option=\"default\" data-design=\"default\" data-grid=\"open\" style=\"display: none;\"\n\t\t\t\tdata-uid=\"69f4973793fa6\"\n\t\t\t><div role=\"alert\" aria-live=\"polite\" class=\"forminator-response-message forminator-error\" aria-hidden=\"true\"><\/div><div class=\"forminator-row\"><div id=\"select-1\" class=\"forminator-field-select forminator-col forminator-col-12 \"><div class=\"forminator-field\"><label for=\"forminator-form-252__field--select-1_69f4973793fa6\" id=\"forminator-form-252__field--select-1_69f4973793fa6-label\" class=\"forminator-label\">Pasirinkite kambario tip\u0105<\/label><select  id=\"forminator-form-252__field--select-1_69f4973793fa6\" class=\"forminator-select--field forminator-select2 forminator-select2-multiple\" data-required=\"\" name=\"select-1\" data-default-value=\"dvivietis-kambarys-kaina-nuo-89-eur\" data-placeholder=\"\" data-search=\"false\" data-search-placeholder=\"\" data-checkbox=\"false\" data-allow-clear=\"false\" aria-labelledby=\"forminator-form-252__field--select-1_69f4973793fa6-label\"><option value=\"dvivietis-kambarys-kaina-nuo-89-eur\" selected=\"selected\" data-calculation=\"0\">Dvivietis kambarys (kaina nuo 89 eur)<\/option><option value=\"trivietis-apartamentas-kaina-nuo-139-eur\"  data-calculation=\"0\">Trivietis apartamentas (kaina nuo 139 eur)<\/option><option value=\"keturvietis-kambarys-kaina-nuo-169-eur\"  data-calculation=\"0\">Keturvietis kambarys (kaina nuo 169 eur)<\/option><option value=\"penkiavietis-apartamentas-kaina-nuo-199-eur\"  data-calculation=\"0\">Penkiavietis apartamentas (kaina nuo 199 eur)<\/option><\/select><\/div><\/div><\/div><div class=\"forminator-row\"><div id=\"date-1\" class=\"forminator-field-date forminator-col forminator-col-6 \"><div class=\"forminator-field\"><label for=\"forminator-field-date-1-picker_69f4973793fa6\" id=\"forminator-field-date-1-picker_69f4973793fa6-label\" class=\"forminator-label\">\u012esiregistravimo dat\u0105 <span class=\"forminator-required\">*<\/span><\/label><div class=\"forminator-input-with-icon\"><span class=\"forminator-icon-calendar\" aria-hidden=\"true\"><\/span><input autocomplete=\"off\" type=\"text\" size=\"1\" name=\"date-1\" value=\"\" placeholder=\"Pasirinkite data\" id=\"forminator-field-date-1-picker_69f4973793fa6\" class=\"forminator-input forminator-datepicker\" data-required=\"1\" data-format=\"mm\/dd\/yy\" data-restrict-type=\"\" data-restrict=\"\" data-start-year=\"1926\" data-end-year=\"2126\" data-past-dates=\"enable\" data-start-of-week=\"1\" data-start-date=\"\" data-end-date=\"\" data-start-field=\"\" data-end-field=\"\" data-start-offset=\"\" data-end-offset=\"\" data-disable-date=\"\" data-disable-range=\"\" \/><\/div><\/div><\/div><div id=\"date-2\" class=\"forminator-field-date forminator-col forminator-col-6 \"><div class=\"forminator-field\"><label for=\"forminator-field-date-2-picker_69f4973793fa6\" id=\"forminator-field-date-2-picker_69f4973793fa6-label\" class=\"forminator-label\">I\u0161siregistravimo data <span class=\"forminator-required\">*<\/span><\/label><div class=\"forminator-input-with-icon\"><span class=\"forminator-icon-calendar\" aria-hidden=\"true\"><\/span><input autocomplete=\"off\" type=\"text\" size=\"1\" name=\"date-2\" value=\"\" placeholder=\"Pasirinkite data\" id=\"forminator-field-date-2-picker_69f4973793fa6\" class=\"forminator-input forminator-datepicker\" data-required=\"1\" data-format=\"mm\/dd\/yy\" data-restrict-type=\"\" data-restrict=\"\" data-start-year=\"1926\" data-end-year=\"2126\" data-past-dates=\"enable\" data-start-of-week=\"1\" data-start-date=\"\" data-end-date=\"\" data-start-field=\"\" data-end-field=\"\" data-start-offset=\"\" data-end-offset=\"\" data-disable-date=\"\" data-disable-range=\"\" \/><\/div><\/div><\/div><\/div><div class=\"forminator-row\"><div id=\"email-1\" class=\"forminator-field-email forminator-col forminator-col-6 \"><div class=\"forminator-field\"><label for=\"forminator-field-email-1_69f4973793fa6\" id=\"forminator-field-email-1_69f4973793fa6-label\" class=\"forminator-label\">Elektroninis adresas <span class=\"forminator-required\">*<\/span><\/label><input type=\"email\" name=\"email-1\" value=\"\" placeholder=\"\" id=\"forminator-field-email-1_69f4973793fa6\" class=\"forminator-input forminator-email--field\" data-required=\"true\" aria-required=\"true\" autocomplete=\"email\" \/><\/div><\/div><div id=\"phone-1\" class=\"forminator-field-phone forminator-col forminator-col-6 \"><div class=\"forminator-field\"><label for=\"forminator-field-phone-1_69f4973793fa6\" id=\"forminator-field-phone-1_69f4973793fa6-label\" class=\"forminator-label\">Phone <span class=\"forminator-required\">*<\/span><\/label><input type=\"text\" name=\"phone-1\" value=\"\" placeholder=\"E.g. +370 000 00000\" id=\"forminator-field-phone-1_69f4973793fa6\" class=\"forminator-input forminator-field--phone\" data-required=\"1\" aria-required=\"true\" autocomplete=\"off\" \/><\/div><\/div><\/div><div class=\"forminator-row\"><div id=\"address-1\" class=\"forminator-field-address forminator-col forminator-col-6 \"><div class=\"forminator-row\"><div id=\"address-1-street_address\" class=\"forminator-col\"><div class=\"forminator-field\"><label for=\"forminator-field-address-1-street_address_69f4973793fa6\" id=\"forminator-field-address-1-street_address_69f4973793fa6-label\" class=\"forminator-label\">Adresas <span class=\"forminator-required\">*<\/span><\/label><input type=\"text\" name=\"address-1-street_address\" placeholder=\"Miestas, Gatv\u0117 Nr.\" id=\"forminator-field-address-1-street_address_69f4973793fa6\" class=\"forminator-input\" data-required=\"1\" aria-required=\"true\" autocomplete=\"address-line1\" value=\"\" \/><\/div><\/div><\/div><\/div><div id=\"html-1\" class=\"forminator-field-html forminator-col forminator-col-6 \"><div class=\"forminator-field forminator-merge-tags\" data-field=\"html-1\"><p style=\"font-size: 20px;color: #ff0000\">Atsipra\u0161ome, gyv\u016bnai ne\u012fleid\u017eiami.<\/p><\/div><\/div><\/div><input type=\"hidden\" name=\"referer_url\" value=\"\" \/><div class=\"forminator-row forminator-row-last\"><div class=\"forminator-col\"><div class=\"forminator-field\"><button class=\"forminator-button forminator-button-submit body {color: red;}\">Rezervuoti<\/button><\/div><\/div><\/div><input type=\"hidden\" id=\"forminator_nonce\" name=\"forminator_nonce\" value=\"bb4febbe8c\" \/><input type=\"hidden\" name=\"_wp_http_referer\" value=\"\/index.php\/wp-json\/wp\/v2\/pages\/328\" \/><input type=\"hidden\" name=\"form_id\" value=\"252\"><input type=\"hidden\" name=\"page_id\" value=\"328\"><input type=\"hidden\" name=\"form_type\" value=\"default\"><input type=\"hidden\" name=\"current_url\" value=\"https:\/\/hotelazuolynas.lt\/\"><input type=\"hidden\" name=\"render_id\" value=\"0\"><input type=\"hidden\" name=\"action\" value=\"forminator_submit_form_custom-forms\"><\/form><\/p>\n\n\n\n<p class=\"has-text-align-center\" style=\"font-size:21px\"><strong>APGYVENDINIMAS, KAMBARIAI<\/strong><\/p>\n\n\n\n<p class=\"justify has-normal-font-size\">Dvivietis kambarys &#8211; jame yra dvi atskiros lovos arba dvigul\u0117 lova, WC, du\u0161as.<\/p>\n\n\n\n\n\n\n\n<p class=\"justify has-normal-font-size\">Trivietis apartamentas &#8211; vienas didelis kambarys arba du kambariai (svetain\u0117 ir miegamasis): plati dviviet\u0117 lova, sofa arba lova, WC, du\u0161as, fenas, \u0161aldytuvas.<\/p>\n\n\n\n\n\n\n\n<p class=\"justify has-normal-font-size\">Keturvietis kambarys &#8211; miegamasis su pla\u010dia lova, kambarys su atskira lova\/sofa, svetain\u0117, WC, du\u0161as, fenas, \u0161aldytuvas.<\/p>\n\n\n\n\n\n\n\n<p class=\"justify has-normal-font-size\">Penkiavietis apartamentas &#8211; svetain\u0117, du miegamieji su pla\u010diomis dviviet\u0117m lovom, galima mini virtuv\u0117l\u0117, \u0161aldytuvas, WC, du\u0161as, fenas atskiras \u012f\u0117jimas i\u0161 kiemelio.<\/p>\n\n\n\n\n\n\n\n<p class=\"has-text-align-center\" style=\"font-size:21px\"><strong>MAITINIMAS, KAVIN\u0116, BARAS<\/strong><\/p>\n\n\n\n<p class=\"justify has-normal-font-size\">Sezono metu laukiame poilsio nam\u0173 kavin\u0117je, kurioje gausus asortimentas europieti\u0161kos virtuv\u0117s patiekal\u0173. \u010cia gal\u0117site papusry\u010diauti, papietauti, praleisti jauki\u0105 popiet\u0119 ar pasim\u0117gauti vakariene. Skubantiems, bet vertinantiems sveik\u0105 ir su meile paruo\u0161t\u0105 maist\u0105, sezono metu nuo 14 iki 16 val. kavin\u0117je si\u016blome Dienos pietus! Pusry\u010diams sve\u010diai gali m\u0117gautis \u0161altais ir kar\u0161tais patiekalais, tarp kuri\u0173 ras kiau\u0161inien\u0117s, avi\u017e\u0173 ko\u0161\u0117s, blyneli\u0173, dar\u017eovi\u0173 ir kt. Vasaros sezono metu kvie\u010diame pasivai\u0161inti gard\u017eiomis picomis, laukiant picos galima pa\u017eaisti bilijard\u0105. Restoranas yra erdviausia poilsio nam\u0173 sal\u0117. Restoranas tinka \u0161vent\u0117ms, min\u0117jimams, apdovanojimo ceremonijoms ir kt. Sal\u0117s viduryje yra scena su profesionalaus ap\u0161vietimo \u012franga bei erdve \u0161okiams. Restorano dydis yra 200 kv. metrai.<\/p>\n\n\n\n\n\n\n\n<p class=\"has-text-align-center\" style=\"font-size:22px\"><strong>BASEINAI, PIRTYS<\/strong><\/p>\n\n\n\n<p class=\"justify has-normal-font-size\">Ypatingo jaukumo sezono metu \u201e\u0104\u017euolynui\u201c teikia vidinis kiemas su atvirais baseinais ir vandens atrakcionais, jie poilsio nam\u0173 sve\u010diams nemokami nustatytu laiku. Vidaus baseinu, sauna, garine pirtimi poilsio nam\u0173 sve\u010diai gali naudotis u\u017e papildom\u0105 mokest\u012f. Po pirties kar\u0161\u010dio Jus atgaivins \u0161alia esantis patalpos temperat\u016bros vidaus baseinas. \u0160ias paslaugas poilsio nam\u0173 sve\u010diai gali u\u017esakyti Registrat\u016broje.<\/p>\n\n\n\n\n\n\n\n<p class=\"has-text-align-center has-medium-font-size\"><strong>BILIJARDAS, DVIRA\u010cIAI, SEAGWAY<\/strong><\/p>\n\n\n\n<p class=\"justify has-normal-font-size\">Poilsio nam\u0173 sve\u010diai gali nemokamai naudotis interneto paslaugomis bendrose poilsio nam\u0173 erdv\u0117se. U\u017e papildom\u0105 mokest\u012f biliardas, dvira\u010diai, dvira\u010diai vaikams, dvira\u010diai su vaiki\u0161ka k\u0117dute valandai, dienai. Taip pat ried\u017eiai SEAGWAY valandai, dienai. Sve\u010diai gali naudotis kitomis paslaugomis.<\/p>\n\n\n\n\n\n\n\n<p class=\"has-text-align-center has-medium-font-size\"><strong>KONFERENCIJOS, BANKETAI<\/strong><\/p>\n\n\n\n<p class=\"justify has-normal-font-size\">Poilsio namuose \u012frengta 100 viet\u0173 konferencij\u0173 sal\u0117, i\u0161 kurios \u2013 tiesus i\u0161\u0117jimas \u012f lauko teras\u0105, atverian\u010di\u0105 vaizd\u0105 \u012f Kur\u0161i\u0173 marias. \u0160i sal\u0117 tinka seminarams, pristatymams, \u012fvairiems mokymams ir kt. renginiams. Banketin\u0117 sal\u0117 yra jauki atskira poilsio nam\u0173 sal\u0117. Joje telpa iki 25 sve\u010di\u0173, susodinam\u0173 prie stalo. \u0160i u\u017edara sal\u0117 idealiai tinka konfidencialiems pietums, deryboms ir kitoms progoms pa\u017eym\u0117ti nedideliame bendramin\u010di\u0173 rate. Sal\u0117s dydis yra 35 kv. metrai.<\/p>\n\n\n\n\n\n\n\n<h4 class=\"has-text-align-center has-medium-font-size wp-block-heading\"><strong>ATVYKIMAS<\/strong><\/h4>\n\n\n\n<p class=\"justify has-normal-font-size\">Atvykimo laikas yra nuo 15 val., sve\u010diai atvykstantys v\u0117liau nei 21 val. turi informuoti telefonu &nbsp;+370&nbsp;64 303939. Atvykimo metu sve\u010diai privalo vykdyti LR Turizmo \u012fstatymo 32 straipsnio nuostatas, t. y. asmeni\u0161kai u\u017epildyti ir pasira\u0161yti registracijos korteles ir patvirtinti savo tapatyb\u0119 \u2013 pateikti galiojant\u012f asmens tapatyb\u0119 patvirtinant\u012f dokument\u0105. Ne sezono metu sve\u010di\u0173 saugumui centrin\u0117s durys rakinamos. Sezono metu centrin\u0117s durys nak\u010diai rakinamos. <span style=\"color:#cf2e2e\" class=\"tadv-color\">Atsipra\u0161ome, gyv\u016bnai ne\u012fleid\u017eiami.<\/span><\/p>\n\n\n\n<h4 class=\"has-text-align-center wp-block-heading\" style=\"font-size:22px\"><strong>I\u0160VYKIMAS <\/strong><\/h4>\n\n\n\n<p class=\"justify has-normal-font-size\">I\u0161vykimo laikas yra 12 val. dienos. I\u0161vykus iki 15 val. mokama pus\u0117 kambario kainos. I\u0161vykus po 15 val. mokama pilna kambario paros kaina.<\/p>\n\n\n\n<h4 class=\"has-text-align-center wp-block-heading\" style=\"font-size:22px\"><strong>KAMBARI\u0172 TVARKYMAS<\/strong><\/h4>\n\n\n\n<p class=\"justify has-normal-font-size\">Kambari\u0173 tvarkymas kas antr\u0105 dien\u0105  nuo 12.00 val. iki 18.00 val. sve\u010diui nesant kambaryje. \u012eprastai rank\u0161luos\u010diai kei\u010diami kas antr\u0105 dien\u0105. Patalyn\u0117 kei\u010diama kas ketvirt\u0105 dien\u0105.<\/p>\n\n\n\n<h4 class=\"has-text-align-center wp-block-heading\" style=\"font-size:22px\"><strong>AUTOMOBILI\u0172 STOV\u0116JIMAS<\/strong><\/h4>\n\n\n\n<p class=\"justify has-normal-font-size\">Poilsio nam\u0173 automobili\u0173 stov\u0117jimo aik\u0161tel\u0117 sve\u010diams yra nemokama. Vartai nak\u010diai gali b\u016bti rakinami nuo 23 val. iki 7 val. ryto.<\/p>\n\n\n\n<h4 class=\"has-text-align-center wp-block-heading\" style=\"font-size:22px\"><strong>ATSISKAITYMAS<\/strong><\/h4>\n\n\n\n<p class=\"justify has-normal-font-size\">Poilsio namuose u\u017e apgyvendinim\u0105 galite atsiskaityti bankiniu pavedimu, i\u0161imtinais atvejais grynais pinigais&nbsp;(EUR). APMOK\u0116KITE banko pavedimu rezervacijos pasi\u016blyme nurodyt\u0105 sum\u0105, mok\u0117jimo kopij\u0105 atsi\u0173skite el. pa\u0161tu. Nesant pilno apmok\u0117jimo REZERVACIJA NEGARANTUOJAMA. Kavin\u0117je sezono metu galite atsiskaityti grynais pinigais&nbsp;(EUR) arba \u201eVISA\u201c, \u201eMASTERCARD\u201c kortel\u0117mis.<\/p>\n\n\n\n<h4 class=\"has-text-align-center wp-block-heading\" style=\"font-size:22px\"><strong>REKVIZITAI<\/strong><\/h4>\n\n\n\n<p class=\"has-normal-font-size\">Poilsio namai ,,A\u017euolynas&#8221;; \u012emon\u0117s kodas 152736054; PVM kodas LT527360515<\/p>\n\n\n\n<p class=\"has-normal-font-size\">Bankas AB Artea bankas, s\u0105skaita IBAN: LT31 7180 5000 4446 7897;       SWIFT: CBSBLT26XXX<\/p>\n\n\n\n<p>Telefonas +370 64 303939;         el. pa\u0161tas <span style=\"color:#0693e3\" class=\"tadv-color\">azuolynas(eta)hotelazuolynas.lt<\/span><\/p>\n\n\n\n<p><\/p>\n\n\n\n<p><\/p>\n\n\n\n<p class=\"has-text-align-center has-text-color has-normal-font-size\" style=\"color:#19be35\"><strong><a href=\"http:\/\/www.keltas.lt\" data-type=\"URL\" data-id=\"http:\/\/www.keltas.lt\">Smiltyn\u0117s perk\u0117la<\/a><\/strong><\/p>\n\n\n\n<p class=\"has-text-align-center has-text-color has-normal-font-size\" style=\"color:#19be35\"><a href=\"http:\/\/www.muziejus.lt\" data-type=\"URL\" data-id=\"http:\/\/www.muziejus.lt\"><strong>Lietuvos j\u016br\u0173 muziejus<\/strong><\/a><\/p>\n\n\n\n<p class=\"has-text-align-center has-text-color has-normal-font-size\" style=\"color:#19be35\"><strong><a href=\"https:\/\/www.neringa.lt\" data-type=\"URL\" data-id=\"https:\/\/www.neringa.lt\">Neringos savivaldyb\u0117<\/a><\/strong><\/p>\n\n\n\n<p class=\"has-text-align-center has-text-color has-normal-font-size\" style=\"color:#19be35\"><strong><a href=\"http:\/\/www.nerija.lt\" data-type=\"URL\" data-id=\"http:\/\/www.nerija.lt\">Kur\u0161i\u0173 nerijos nacionalinis parkas<\/a><\/strong><\/p>\n\n\n\n<p class=\"has-text-align-center has-text-color has-normal-font-size\" style=\"color:#19be35\"><strong><a href=\"https:\/\/www.palanga-airport.lt\" data-type=\"URL\" data-id=\"https:\/\/www.palanga-airport.lt\">Palangos tarptautinis oro uostas<\/a><\/strong><\/p>\n\n\n\n<p class=\"has-text-align-center has-text-color has-normal-font-size\" style=\"color:#19be35\"><strong><a href=\"https:\/\/www.kaunas-airport.lt\" data-type=\"URL\" data-id=\"https:\/\/www.kaunas-airport.lt\">Kauno tarptautinis oro uostas<\/a><\/strong><\/p>\n\n\n\n<p class=\"has-text-align-center has-text-color has-normal-font-size\" style=\"color:#19be35\"><strong><a href=\"https:\/\/www.vilnius-airport.lt\" data-type=\"URL\" data-id=\"https:\/\/www.vilnius-airport.lt\">Vilniaus tarptautinis oro uostas<\/a><\/strong><\/p>\n\n\n\n<p class=\"has-text-align-center has-text-color has-normal-font-size\" style=\"color:#19be35\"><strong><a href=\"http:\/\/www.klap.lt\" data-type=\"URL\" data-id=\"http:\/\/www.klap.lt\">Klaip\u0117dos autobus\u0173 parkas<\/a><\/strong><\/p>\n\n\n\n<iframe loading=\"lazy\" src=\"https:\/\/www.google.com\/maps\/embed?pb=!1m18!1m12!1m3!1d2257.969103863916!2d21.114563216042647!3d55.53290741639723!2m3!1f0!2f0!3f0!3m2!1i1024!2i768!4f13.1!3m3!1m2!1s0x46e4c18caabcaaab%3A0xb222de11e187504f!2zxITFvnVvbHluYXMsIHBvaWxzaW8gbmFtYWk!5e0!3m2!1sen!2slt!4v1603832758742!5m2!1sen!2slt\" width=\"1200\" height=\"450\" frameborder=\"0\" style=\"border:0;\" allowfullscreen=\"\" aria-hidden=\"false\" tabindex=\"0\"><\/iframe>\n\n\n\n<p><br><\/p>\n\n\n\n<html>\n   <head>\n      <title>Title of the document<\/title>\n   <\/head>\n   <body>\n      <form action=\"https:\/\/hotelazuolynas.lt\/wp-content\/uploads\/2020\/10\/20181230-poilsio-namu-Azuolynas-duomenu-privatumo-politika.pdf\">\n         <button type=\"submit\">Privatumo politika<\/button>\n      <\/form>\n   <\/body>\n<\/html>\n<\/div>","protected":false},"excerpt":{"rendered":"<p>Poilsio namai \u201e\u0104\u017euolynas\u201c \u012fsik\u016br\u0119 Juodkrant\u0117je, Kur\u0161i\u0173 Nerijoje, kuri kaip poilsiui tinkama vieta gars\u0117ja nuo 1840 met\u0173. Poilsis, nakvyn\u0117, apartamentai, kavin\u0117, baras, restoranas, terasa, banketin\u0117, baseinas, pirtis sauna ir garin\u0117, konferencij\u0173 sal\u0117, biliardas, dvira\u010diai ir kt. Juodkrant\u0117je, Neringoje ko gero geriausia vieta \u201e\u0104\u017euolynas\u201c! Lauko baseinas \u201e\u0104\u017euolynas\u201c gyventojams (vasaros sezono metu nemokamas). Ne sezono metu b\u016btina i\u0161ankstin\u0117 rezervacija. Apgyvendinimo paslaugoms turite u\u017epildyti kambario rezervacij\u0105 ir j\u016bs\u0173 nurodytais kontaktais bus i\u0161si\u0173stas pasi\u016blymas. APGYVENDINIMAS, KAMBARIAI Dvivietis kambarys &#8211; jame yra dvi atskiros lovos arba dvigul\u0117 lova, WC, du\u0161as. Trivietis apartamentas &#8211; vienas didelis kambarys&hellip;<\/p>\n","protected":false},"author":1,"featured_media":0,"parent":0,"menu_order":0,"comment_status":"closed","ping_status":"closed","template":"","meta":{"footnotes":""},"class_list":["post-328","page","type-page","status-publish","hentry"],"_links":{"self":[{"href":"https:\/\/hotelazuolynas.lt\/index.php\/wp-json\/wp\/v2\/pages\/328","targetHints":{"allow":["GET"]}}],"collection":[{"href":"https:\/\/hotelazuolynas.lt\/index.php\/wp-json\/wp\/v2\/pages"}],"about":[{"href":"https:\/\/hotelazuolynas.lt\/index.php\/wp-json\/wp\/v2\/types\/page"}],"author":[{"embeddable":true,"href":"https:\/\/hotelazuolynas.lt\/index.php\/wp-json\/wp\/v2\/users\/1"}],"replies":[{"embeddable":true,"href":"https:\/\/hotelazuolynas.lt\/index.php\/wp-json\/wp\/v2\/comments?post=328"}],"version-history":[{"count":144,"href":"https:\/\/hotelazuolynas.lt\/index.php\/wp-json\/wp\/v2\/pages\/328\/revisions"}],"predecessor-version":[{"id":904,"href":"https:\/\/hotelazuolynas.lt\/index.php\/wp-json\/wp\/v2\/pages\/328\/revisions\/904"}],"wp:attachment":[{"href":"https:\/\/hotelazuolynas.lt\/index.php\/wp-json\/wp\/v2\/media?parent=328"}],"curies":[{"name":"wp","href":"https:\/\/api.w.org\/{rel}","templated":true}]}}