{"id":707,"date":"2020-10-31T16:05:38","date_gmt":"2020-10-31T16:05:38","guid":{"rendered":"http:\/\/azuolynas.modfaktor.com\/?page_id=707"},"modified":"2023-09-13T15:19:05","modified_gmt":"2023-09-13T15:19:05","slug":"informacija","status":"publish","type":"page","link":"https:\/\/hotelazuolynas.lt\/index.php\/informacija\/","title":{"rendered":""},"content":{"rendered":"<div ciass=\"ts\">\n<ul class=\"wp-block-list\" type=\"1\"><li>Sve\u010diai viso buvimo poilsio namuose metu privalo d\u0117v\u0117ti rie\u0161o juosteles. Asmenys be juosteli\u0173 i\u0161pra\u0161omi&nbsp; i\u0161 poilsio nam\u0173 teritorijos.<\/li><li>T\u0117vai ar kiti vaikus pri\u017ei\u016brintys, globojantys asmenys atsako u\u017e vaik\u0173 saugum\u0105 ir elges\u012f.<\/li><li>Kambaryje gali apsistoti tik tie sve\u010diai u\u017e kuriuos sumok\u0117ta.<\/li><li>Poilsio namai nepriima gyv\u016bn\u0173, atvykus su gyv\u016bnais poilsio namai turi teis\u0119 nepriimti. <a>Nusta\u010dius apsigyvenimo su gyv\u016bnu fakt\u0105, sve\u010dias i\u0161keldinamas nedelsiant ir privalo<\/a> sumok\u0117ti papildom\u0105 valymo d\u0117l gyv\u016bno mokest\u012f 100 Eur.<\/li><li>Sve\u010dias gyvenimo poilsio namuose metu turi saugoti poilsiaviet\u0117s turt\u0105, laikytis prie\u0161gaisrin\u0117s saugos taisykli\u0173 ir sanitarini\u0173 reikalavim\u0173.<\/li><li>U\u017e dingus\u012f ar sugadint\u0105 poilsio nam\u0173 turt\u0105 materialiai atsako rezervav\u0119s ir, ar su naudojimosi taisykl\u0117mis susipa\u017ein\u0119s ir pasira\u0161\u0119s asmuo; turtas yra \u012fkainojamas, jo vert\u0117 \u012ftraukiama \u012f u\u017esakovo apmokam\u0105 s\u0105skait\u0105. S\u0105skait\u0105 atsakingas asmuo privalo apmok\u0117ti nedelsiant.<\/li><li>I\u0161sine\u0161ti i\u0161 pastato ir teritorijos daiktus priklausan\u010dius poilsio namams yra draud\u017eiama.<\/li><li>Stumdyti, perne\u0161ti baldus esan\u010dius kambaryje ar kituose poilsio nam\u0173 erdv\u0117se be administracijos leidimo draud\u017eiama.<\/li><li>Draud\u017eiama naudoti atsine\u0161tus elektros prietaisus, kuri\u0173 elektrin\u0117 galia vir\u0161ija 150 W.<\/li><li>R\u016bkyti kambariuose ir kitose u\u017edarose poilsio nam\u0173 patalpose draud\u017eiama. <a>Nusta\u010dius r\u016bkymo atvej\u012f sve\u010dias i\u0161keldinamas nedelsiant ir privalo<\/a> sumok\u0117ti papildom\u0105 valymo d\u0117l r\u016bkymo mokest\u012f 100 Eur.<\/li><li>Nepalikite verting\u0173 daikt\u0173 kambaryje, patariame juos atiduoti saugoti. U\u017e dingusius vertingus sve\u010di\u0173 daiktus administracija neatsako.<\/li><li>J\u016bs\u0173 saugumui u\u017etikrinti, pra\u0161ome: i\u0161eidami i\u0161 kambario \u012fsitikinkite, kad durys ir langai sandariai u\u017edaryti. Savo kambario rakt\u0105 visada tur\u0117ti su savimi. <a>Jei pamet\u0117te savo kambario rakt\u0105, kreipkit\u0117s \u012f registrat\u016br\u0105 (rakto ir cilindro keitimas nuo 30 Eur).<\/a><\/li><li>\u012e bendro naudojimo patalpas ir kambarius draud\u017eiama \u012fsine\u0161ti ir laikyti dvira\u010dius, paspirtukus, burlentes ar kitus stambius (vir\u0161 50 cm nors vienas ilgis) daiktus.<\/li><li>Bendro naudojimo patalpose draud\u017eiama vartoti maisto produktus, g\u0117rimus, alkohol\u012f ir kt., kurie \u012fsigyti ne poilsio namuose. Administracijai papra\u0161ius sve\u010dias turi pateikti \u012fsigijimo dokument\u0105.<\/li><li>Draud\u017eiama kambaryje priimti sve\u010dius v\u0117liau 21:00 val. Sve\u010diai, pasiliekantys poilsio nam\u0173 kambaryje po 21:00 val., privalo \u012fsiregistruoti Turizmo \u012fstatyme nustatyta tvarka ir sumok\u0117ti u\u017e apgyvendinim\u0105.<\/li><li>Ramyb\u0117s valandos nuo 22:00 val. iki 8:00 val.<\/li><\/ul>\n\n\n\n<p>Sve\u010diai privalo laikytis \u0161i\u0173 taisykli\u0173 ir Lietuvos Respublikos teis\u0117s aktuose numatyt\u0173 reikalavim\u0173, nesilaikantys \u0161i\u0173 taisykli\u0173, i\u0161keldinami ir privalo atlyginti vis\u0105 d\u0117l j\u0173 netinkamo elgesio poilsio nam\u0173 patirt\u0105 \u017eal\u0105 bei kompensuoti visus tiesioginius ir netiesioginius nuostolius<\/p>\n<\/div>","protected":false},"excerpt":{"rendered":"<p>Sve\u010diai viso buvimo poilsio namuose metu privalo d\u0117v\u0117ti rie\u0161o juosteles. Asmenys be juosteli\u0173 i\u0161pra\u0161omi&nbsp; i\u0161 poilsio nam\u0173 teritorijos. T\u0117vai ar kiti vaikus pri\u017ei\u016brintys, globojantys asmenys atsako u\u017e vaik\u0173 saugum\u0105 ir elges\u012f. Kambaryje gali apsistoti tik tie sve\u010diai u\u017e kuriuos sumok\u0117ta. Poilsio namai nepriima gyv\u016bn\u0173, atvykus su gyv\u016bnais poilsio namai turi teis\u0119 nepriimti. Nusta\u010dius apsigyvenimo su gyv\u016bnu fakt\u0105, sve\u010dias i\u0161keldinamas nedelsiant ir privalo sumok\u0117ti papildom\u0105 valymo d\u0117l gyv\u016bno mokest\u012f 100 Eur. Sve\u010dias gyvenimo poilsio namuose metu turi saugoti poilsiaviet\u0117s turt\u0105, laikytis prie\u0161gaisrin\u0117s saugos taisykli\u0173 ir sanitarini\u0173 reikalavim\u0173. U\u017e dingus\u012f ar sugadint\u0105&hellip;<\/p>\n","protected":false},"author":1,"featured_media":0,"parent":0,"menu_order":0,"comment_status":"closed","ping_status":"closed","template":"","meta":{"footnotes":""},"class_list":["post-707","page","type-page","status-publish","hentry"],"_links":{"self":[{"href":"https:\/\/hotelazuolynas.lt\/index.php\/wp-json\/wp\/v2\/pages\/707","targetHints":{"allow":["GET"]}}],"collection":[{"href":"https:\/\/hotelazuolynas.lt\/index.php\/wp-json\/wp\/v2\/pages"}],"about":[{"href":"https:\/\/hotelazuolynas.lt\/index.php\/wp-json\/wp\/v2\/types\/page"}],"author":[{"embeddable":true,"href":"https:\/\/hotelazuolynas.lt\/index.php\/wp-json\/wp\/v2\/users\/1"}],"replies":[{"embeddable":true,"href":"https:\/\/hotelazuolynas.lt\/index.php\/wp-json\/wp\/v2\/comments?post=707"}],"version-history":[{"count":6,"href":"https:\/\/hotelazuolynas.lt\/index.php\/wp-json\/wp\/v2\/pages\/707\/revisions"}],"predecessor-version":[{"id":864,"href":"https:\/\/hotelazuolynas.lt\/index.php\/wp-json\/wp\/v2\/pages\/707\/revisions\/864"}],"wp:attachment":[{"href":"https:\/\/hotelazuolynas.lt\/index.php\/wp-json\/wp\/v2\/media?parent=707"}],"curies":[{"name":"wp","href":"https:\/\/api.w.org\/{rel}","templated":true}]}}